{"id":27,"date":"2019-08-23T19:32:20","date_gmt":"2019-08-23T17:32:20","guid":{"rendered":"https:\/\/isabellebalesdent.com\/accueil\/?page_id=27"},"modified":"2025-05-23T17:22:30","modified_gmt":"2025-05-23T15:22:30","slug":"tarifications","status":"publish","type":"page","link":"https:\/\/isabellebalesdent.com\/accueil\/tarifications\/","title":{"rendered":"Tarifs"},"content":{"rendered":"\t\t<div data-elementor-type=\"wp-post\" data-elementor-id=\"27\" class=\"elementor elementor-27\">\n\t\t\t\t\t\t<section class=\"elementor-section elementor-top-section elementor-element elementor-element-964d128 elementor-section-boxed elementor-section-height-default elementor-section-height-default\" data-id=\"964d128\" data-element_type=\"section\">\n\t\t\t\t\t\t<div class=\"elementor-container elementor-column-gap-default\">\n\t\t\t\t\t<div class=\"elementor-column elementor-col-100 elementor-top-column elementor-element elementor-element-dd0f0fb\" data-id=\"dd0f0fb\" data-element_type=\"column\">\n\t\t\t<div class=\"elementor-widget-wrap elementor-element-populated\">\n\t\t\t\t\t\t<div class=\"elementor-element elementor-element-9bafb56 elementor-alert-success elementor-widget elementor-widget-alert\" data-id=\"9bafb56\" data-element_type=\"widget\" data-widget_type=\"alert.default\">\n\t\t\t\t<div class=\"elementor-widget-container\">\n\t\t\t\t\t\t\t<div class=\"elementor-alert\" role=\"alert\">\n\n\t\t\t\t\t\t<span class=\"elementor-alert-title\">Nos formations sont d\u00e9sormais disponibles sur notre site !<\/span>\n\t\t\t\n\t\t\t\t\t\t<span class=\"elementor-alert-description\">Pour avoir des renseignements sur les formations (<i>dur\u00e9e, lieu, prix, etc..<\/i>.). Rendez-vous directement dans l'onglet \u00ab <b>Formation<\/b> \u00bb\n\nhttps:\/\/soinsenergetiques9.com\/accueil\/category\/formations\/<\/span>\n\t\t\t\n\t\t\t\n\t\t<\/div>\n\t\t\t\t\t\t<\/div>\n\t\t\t\t<\/div>\n\t\t\t\t<div class=\"elementor-element elementor-element-e998db4 elementor-widget__width-initial elementor-invisible elementor-widget elementor-widget-toggle\" data-id=\"e998db4\" data-element_type=\"widget\" data-settings=\"{&quot;_animation&quot;:&quot;zoomIn&quot;}\" data-widget_type=\"toggle.default\">\n\t\t\t\t<div class=\"elementor-widget-container\">\n\t\t\t\t\t\t\t<div class=\"elementor-toggle\">\n\t\t\t\t\t\t\t<div class=\"elementor-toggle-item\">\n\t\t\t\t\t<h3 id=\"elementor-tab-title-2441\" class=\"elementor-tab-title\" data-tab=\"1\" role=\"button\" aria-controls=\"elementor-tab-content-2441\" aria-expanded=\"false\">\n\t\t\t\t\t\t\t\t\t\t\t\t<span class=\"elementor-toggle-icon elementor-toggle-icon-left\" aria-hidden=\"true\">\n\t\t\t\t\t\t\t\t\t\t\t\t\t\t\t<span class=\"elementor-toggle-icon-closed\"><i class=\"fas fa-caret-right\"><\/i><\/span>\n\t\t\t\t\t\t\t\t<span class=\"elementor-toggle-icon-opened\"><i class=\"elementor-toggle-icon-opened fas fa-caret-up\"><\/i><\/span>\n\t\t\t\t\t\t\t\t\t\t\t\t\t<\/span>\n\t\t\t\t\t\t\t\t\t\t\t\t<a class=\"elementor-toggle-title\" tabindex=\"0\">Massage tellurique intuitif : 70 \u20ac<\/a>\n\t\t\t\t\t<\/h3>\n\n\t\t\t\t\t<div id=\"elementor-tab-content-2441\" class=\"elementor-tab-content elementor-clearfix\" data-tab=\"1\" role=\"region\" aria-labelledby=\"elementor-tab-title-2441\"><p><span style=\"text-decoration: underline;\">Soin disponible<\/span> : seulement au <strong>cabinet<\/strong><\/p><p style=\"text-align: center;\">\u00a0<a class=\"maxbutton-3 maxbutton maxbutton-en-savoir-plus\" href=\"https:\/\/isabellebalesdent.com\/accueil\/massage-des-5-continents\/\"><span class='mb-text'>En savoir plus<\/span><\/a><\/p><\/div>\n\t\t\t\t<\/div>\n\t\t\t\t\t\t\t<div class=\"elementor-toggle-item\">\n\t\t\t\t\t<h3 id=\"elementor-tab-title-2442\" class=\"elementor-tab-title\" data-tab=\"2\" role=\"button\" aria-controls=\"elementor-tab-content-2442\" aria-expanded=\"false\">\n\t\t\t\t\t\t\t\t\t\t\t\t<span class=\"elementor-toggle-icon elementor-toggle-icon-left\" aria-hidden=\"true\">\n\t\t\t\t\t\t\t\t\t\t\t\t\t\t\t<span class=\"elementor-toggle-icon-closed\"><i class=\"fas fa-caret-right\"><\/i><\/span>\n\t\t\t\t\t\t\t\t<span class=\"elementor-toggle-icon-opened\"><i class=\"elementor-toggle-icon-opened fas fa-caret-up\"><\/i><\/span>\n\t\t\t\t\t\t\t\t\t\t\t\t\t<\/span>\n\t\t\t\t\t\t\t\t\t\t\t\t<a class=\"elementor-toggle-title\" tabindex=\"0\">Soin intuitif  : 60 \u20ac<\/a>\n\t\t\t\t\t<\/h3>\n\n\t\t\t\t\t<div id=\"elementor-tab-content-2442\" class=\"elementor-tab-content elementor-clearfix\" data-tab=\"2\" role=\"region\" aria-labelledby=\"elementor-tab-title-2442\"><p><span style=\"text-decoration: underline;\">Soin disponible<\/span> : au <strong>cabinet<\/strong> ou \u00e0 <strong>distance<\/strong><\/p><p><span style=\"color: #333333;\">Le soin intuitif est le compl\u00e9ment du soin \u00e9quilibre, coupure des liens, \u00e9limination des blocages sur les m\u00e9ridiens, r\u00e9\u00e9quilibrage du corps \u00e9th\u00e9rique, relance de la circulation des organes, magn\u00e9tisme cr\u00e2nien&#8230;\u00a0<\/span><\/p><p style=\"text-align: center;\">\u00a0<a class=\"maxbutton-3 maxbutton maxbutton-en-savoir-plus\" href=\"https:\/\/isabellebalesdent.com\/accueil\/soin-intuitif\/\"><span class='mb-text'>En savoir plus<\/span><\/a>\u00a0<\/p><\/div>\n\t\t\t\t<\/div>\n\t\t\t\t\t\t\t<div class=\"elementor-toggle-item\">\n\t\t\t\t\t<h3 id=\"elementor-tab-title-2443\" class=\"elementor-tab-title\" data-tab=\"3\" role=\"button\" aria-controls=\"elementor-tab-content-2443\" aria-expanded=\"false\">\n\t\t\t\t\t\t\t\t\t\t\t\t<span class=\"elementor-toggle-icon elementor-toggle-icon-left\" aria-hidden=\"true\">\n\t\t\t\t\t\t\t\t\t\t\t\t\t\t\t<span class=\"elementor-toggle-icon-closed\"><i class=\"fas fa-caret-right\"><\/i><\/span>\n\t\t\t\t\t\t\t\t<span class=\"elementor-toggle-icon-opened\"><i class=\"elementor-toggle-icon-opened fas fa-caret-up\"><\/i><\/span>\n\t\t\t\t\t\t\t\t\t\t\t\t\t<\/span>\n\t\t\t\t\t\t\t\t\t\t\t\t<a class=\"elementor-toggle-title\" tabindex=\"0\">Soin sp\u00e9cifique : 70 \u20ac<\/a>\n\t\t\t\t\t<\/h3>\n\n\t\t\t\t\t<div id=\"elementor-tab-content-2443\" class=\"elementor-tab-content elementor-clearfix\" data-tab=\"3\" role=\"region\" aria-labelledby=\"elementor-tab-title-2443\"><p><span style=\"text-decoration: underline;\">Soin disponible<\/span> : au <strong>cabinet<\/strong>\u00a0ou \u00e0 <strong>distance<\/strong><\/p><p>Canalisation avec les Guides de Lumi\u00e8re et transmission du protocole du soin personnalis\u00e9 pour \u00e9liminer la cause du mal-\u00eatre, de la souffrance physique ou de la maladie.<\/p><p style=\"text-align: center;\">\u00a0<a class=\"maxbutton-3 maxbutton maxbutton-en-savoir-plus\" href=\"https:\/\/isabellebalesdent.com\/accueil\/soin-specifique\/\"><span class='mb-text'>En savoir plus<\/span><\/a><\/p><\/div>\n\t\t\t\t<\/div>\n\t\t\t\t\t\t\t<div class=\"elementor-toggle-item\">\n\t\t\t\t\t<h3 id=\"elementor-tab-title-2444\" class=\"elementor-tab-title\" data-tab=\"4\" role=\"button\" aria-controls=\"elementor-tab-content-2444\" aria-expanded=\"false\">\n\t\t\t\t\t\t\t\t\t\t\t\t<span class=\"elementor-toggle-icon elementor-toggle-icon-left\" aria-hidden=\"true\">\n\t\t\t\t\t\t\t\t\t\t\t\t\t\t\t<span class=\"elementor-toggle-icon-closed\"><i class=\"fas fa-caret-right\"><\/i><\/span>\n\t\t\t\t\t\t\t\t<span class=\"elementor-toggle-icon-opened\"><i class=\"elementor-toggle-icon-opened fas fa-caret-up\"><\/i><\/span>\n\t\t\t\t\t\t\t\t\t\t\t\t\t<\/span>\n\t\t\t\t\t\t\t\t\t\t\t\t<a class=\"elementor-toggle-title\" tabindex=\"0\">Magn\u00e9tisme : 50 \u20ac<\/a>\n\t\t\t\t\t<\/h3>\n\n\t\t\t\t\t<div id=\"elementor-tab-content-2444\" class=\"elementor-tab-content elementor-clearfix\" data-tab=\"4\" role=\"region\" aria-labelledby=\"elementor-tab-title-2444\"><p><span style=\"text-decoration: underline;\">Soin disponible<\/span> : seulement au <strong>cabinet<\/strong><\/p><p>Le magn\u00e9tisme transmet l\u2019\u00e9nergie, r\u00e9tablit l\u2019harmonie, l\u2019\u00e9quilibre du corps, de l\u2019\u00e2me et de l\u2019esprit.\u00a0\u00a0<\/p><ul><li>Par l\u2019imposition des mains sur le corps d\u2019une personne, o\u00f9 d\u2019un animal, le magn\u00e9tiseur peut soulager et aider \u00e0 gu\u00e9rir d\u2019un mal physique, psychique, \u00e9motionnel, organique ou \u00e9nerg\u00e9tique en att\u00e9nuant les effets de la douleur\u00a0et les g\u00eanes caus\u00e9s par la maladie.<\/li><\/ul><ul><li>Le magn\u00e9tisme est un compl\u00e9ment efficace de la m\u00e9decine traditionnelle, cependant il doit \u00eatre consid\u00e9r\u00e9 comme une m\u00e9thode d\u2019accompagnement uniquement sans l\u2019arr\u00eat d\u2019un traitement m\u00e9dical.<\/li><\/ul><p style=\"text-align: center;\">\u00a0<a class=\"maxbutton-3 maxbutton maxbutton-en-savoir-plus\" href=\"https:\/\/isabellebalesdent.com\/accueil\/seance-magnetisme\/\"><span class='mb-text'>En savoir plus<\/span><\/a><\/p><\/div>\n\t\t\t\t<\/div>\n\t\t\t\t\t\t\t<div class=\"elementor-toggle-item\">\n\t\t\t\t\t<h3 id=\"elementor-tab-title-2445\" class=\"elementor-tab-title\" data-tab=\"5\" role=\"button\" aria-controls=\"elementor-tab-content-2445\" aria-expanded=\"false\">\n\t\t\t\t\t\t\t\t\t\t\t\t<span class=\"elementor-toggle-icon elementor-toggle-icon-left\" aria-hidden=\"true\">\n\t\t\t\t\t\t\t\t\t\t\t\t\t\t\t<span class=\"elementor-toggle-icon-closed\"><i class=\"fas fa-caret-right\"><\/i><\/span>\n\t\t\t\t\t\t\t\t<span class=\"elementor-toggle-icon-opened\"><i class=\"elementor-toggle-icon-opened fas fa-caret-up\"><\/i><\/span>\n\t\t\t\t\t\t\t\t\t\t\t\t\t<\/span>\n\t\t\t\t\t\t\t\t\t\t\t\t<a class=\"elementor-toggle-title\" tabindex=\"0\">Soin Cristalloth\u00e9rapie (avec les cristaux)  : 50\u20ac<\/a>\n\t\t\t\t\t<\/h3>\n\n\t\t\t\t\t<div id=\"elementor-tab-content-2445\" class=\"elementor-tab-content elementor-clearfix\" data-tab=\"5\" role=\"region\" aria-labelledby=\"elementor-tab-title-2445\"><p><span style=\"text-decoration: underline;\">Soin disponible<\/span> : seulement au<strong> cabinet<\/strong><\/p><p style=\"text-align: left;\">La cristalloth\u00e9rapie est une m\u00e9decine douce \u00e0 base de pierres et de min\u00e9raux poss\u00e9dant des vibrations et des qualit\u00e9s qui les rendent aptes \u00e0 d\u00e9nouer les tensions physiques et psychiques.<\/p><p style=\"text-align: left;\">C\u2019est l\u2019utilisation de l\u2019\u00e9nergie des cristaux qui permet de r\u00e9\u00e9quilibrer ou r\u00e9harmoniser le corps, que ce soit au niveau physique, que psychique ou spirituel.<br \/>Ce sont surtout des cristaux semi-pr\u00e9cieuses et pr\u00e9cieuses qui sont utilis\u00e9es en lithoth\u00e9rapie. Elles seront plac\u00e9es au niveau des chakras (centres \u00e9nerg\u00e9tiques du corps) ou port\u00e9es en pendentif, bracelet \u2026<\/p><p style=\"text-align: center;\">\u00a0<a class=\"maxbutton-3 maxbutton maxbutton-en-savoir-plus\" href=\"https:\/\/isabellebalesdent.com\/accueil\/soin-cristallotherapie\/\"><span class='mb-text'>En savoir plus<\/span><\/a><\/p><\/div>\n\t\t\t\t<\/div>\n\t\t\t\t\t\t\t<div class=\"elementor-toggle-item\">\n\t\t\t\t\t<h3 id=\"elementor-tab-title-2446\" class=\"elementor-tab-title\" data-tab=\"6\" role=\"button\" aria-controls=\"elementor-tab-content-2446\" aria-expanded=\"false\">\n\t\t\t\t\t\t\t\t\t\t\t\t<span class=\"elementor-toggle-icon elementor-toggle-icon-left\" aria-hidden=\"true\">\n\t\t\t\t\t\t\t\t\t\t\t\t\t\t\t<span class=\"elementor-toggle-icon-closed\"><i class=\"fas fa-caret-right\"><\/i><\/span>\n\t\t\t\t\t\t\t\t<span class=\"elementor-toggle-icon-opened\"><i class=\"elementor-toggle-icon-opened fas fa-caret-up\"><\/i><\/span>\n\t\t\t\t\t\t\t\t\t\t\t\t\t<\/span>\n\t\t\t\t\t\t\t\t\t\t\t\t<a class=\"elementor-toggle-title\" tabindex=\"0\">Soin \u00e9nergisant : 50 \u20ac<\/a>\n\t\t\t\t\t<\/h3>\n\n\t\t\t\t\t<div id=\"elementor-tab-content-2446\" class=\"elementor-tab-content elementor-clearfix\" data-tab=\"6\" role=\"region\" aria-labelledby=\"elementor-tab-title-2446\"><p><span style=\"text-decoration: underline;\">Soin disponible<\/span> : seulement au <strong>cabinet<\/strong><\/p><p>Le soin \u00e9nergisant permet de retrouver toute son \u00e9nergie, faire remonter le taux vibratoire \u2026<br \/>En compl\u00e9ment j\u2019utilise des pierres pour redonner de l\u2019\u00e9nergie, ainsi que tonus et vitalit\u00e9 \u2026 Ce qui va permettre d\u2019\u00e9loigner toute fatigue, de retrouver un \u00e9quilibre, harmonie, bien-\u00eatre, \u00e9nergie, sommeil r\u00e9parateur \u2026<br \/>Pr\u00e9alablement toutes les \u00e9nergies perturbatrices seront \u00e9limin\u00e9es.<\/p><p style=\"text-align: center;\"><a class=\"maxbutton-3 maxbutton maxbutton-en-savoir-plus\" href=\"https:\/\/isabellebalesdent.com\/accueil\/soin-equilibre\/\"><span class='mb-text'>En savoir plus<\/span><\/a><\/p><\/div>\n\t\t\t\t<\/div>\n\t\t\t\t\t\t\t<div class=\"elementor-toggle-item\">\n\t\t\t\t\t<h3 id=\"elementor-tab-title-2447\" class=\"elementor-tab-title\" data-tab=\"7\" role=\"button\" aria-controls=\"elementor-tab-content-2447\" aria-expanded=\"false\">\n\t\t\t\t\t\t\t\t\t\t\t\t<span class=\"elementor-toggle-icon elementor-toggle-icon-left\" aria-hidden=\"true\">\n\t\t\t\t\t\t\t\t\t\t\t\t\t\t\t<span class=\"elementor-toggle-icon-closed\"><i class=\"fas fa-caret-right\"><\/i><\/span>\n\t\t\t\t\t\t\t\t<span class=\"elementor-toggle-icon-opened\"><i class=\"elementor-toggle-icon-opened fas fa-caret-up\"><\/i><\/span>\n\t\t\t\t\t\t\t\t\t\t\t\t\t<\/span>\n\t\t\t\t\t\t\t\t\t\t\t\t<a class=\"elementor-toggle-title\" tabindex=\"0\">Soins Fleur de vie g\u00e9om\u00e9trie sacr\u00e9e - 40 \u20ac<\/a>\n\t\t\t\t\t<\/h3>\n\n\t\t\t\t\t<div id=\"elementor-tab-content-2447\" class=\"elementor-tab-content elementor-clearfix\" data-tab=\"7\" role=\"region\" aria-labelledby=\"elementor-tab-title-2447\"><p><span style=\"text-decoration: underline;\">Soin disponible<\/span> :\u00a0au <strong>cabinet<\/strong>\u00a0<\/p><div class=\"cxmmr5t8 oygrvhab hcukyx3x c1et5uql o9v6fnle ii04i59q\"><div dir=\"auto\"><span style=\"color: #808080;\">Il existe une infinit\u00e9 de possibilit\u00e9s avec la fleur de vie g\u00e9om\u00e9trie sacr\u00e9e en fonction de l\u2019usage ou des soins que l\u2019on prodigue pour la personne.<\/span><\/div><div dir=\"auto\">\u00a0<\/div><\/div><div class=\"cxmmr5t8 oygrvhab hcukyx3x c1et5uql o9v6fnle ii04i59q\"><ul><li dir=\"auto\"><span style=\"color: #808080;\">Sa subtilit\u00e9 d\u2019action vibratoire, ainsi l\u2019activation de la g\u00e9om\u00e9trie sacr\u00e9e associ\u00e9e aux cristaux d\u00e9multiplie sa puissance. Ce soin est tr\u00e8s puissant, la fleur de vie est r\u00e9alis\u00e9e par moi-m\u00eame. J\u2019ouvre un espace sacr\u00e9 de gu\u00e9rison rien que pour vous !<\/span><\/li><li dir=\"auto\"><span style=\"color: #808080;\">Je vous accompagne avec la fleur de vie g\u00e9om\u00e9trie sacr\u00e9e, sur les diff\u00e9rents plans de l\u2019\u00eatre, physique, \u00e9motionnel, spirituel ainsi qu\u2019une reconnexion avec votre \u00c2me et essence divine.<\/span><\/li><\/ul><\/div><div class=\"cxmmr5t8 oygrvhab hcukyx3x c1et5uql o9v6fnle ii04i59q\"><ul><li dir=\"auto\"><span style=\"color: #808080;\">D\u00e9poser directement sur le corps, \u00e0 un endroit bien pr\u00e9cis, ou pr\u00eat de vous suivant le soin prodiguer, vous profiterez de tous ses bienfaits.<\/span><\/li><li dir=\"auto\"><span style=\"color: #808080;\">Le travail est personnalis\u00e9 en fonction de votre demande.<\/span><\/li><li dir=\"auto\"><span style=\"color: #808080;\">Chaque s\u00e9ance est diff\u00e9rente ainsi que les ressentis en fonction de la personne.\u00a0<\/span><\/li><li dir=\"auto\"><span style=\"color: #808080;\">Plusieurs s\u00e9ances peuvent \u00eatre n\u00e9cessaires, afin que la fleur de vie g\u00e9om\u00e9trie sacr\u00e9e op\u00e8re et s\u2019ajuste \u00e0 la fr\u00e9quence vibratoire qui vous convienne.<\/span><\/li><\/ul><p dir=\"auto\" style=\"text-align: center;\"><span style=\"color: #808080;\"><strong>Bienfait de la fleur de vie\u00a0<\/strong><\/span><\/p><ul><li dir=\"auto\"><span style=\"color: #808080;\">Dynamise, revitalise<\/span><\/li><li dir=\"auto\"><span style=\"color: #808080;\">Augmente le taux vibratoire<\/span><\/li><li dir=\"auto\"><span style=\"color: #808080;\">Repousse les \u00e9nergies n\u00e9gatives<\/span><\/li><li dir=\"auto\"><span style=\"color: #808080;\">Prot\u00e8ge<\/span><\/li><li dir=\"auto\"><span style=\"color: #808080;\">Vous accompagne en m\u00e9ditation<\/span><\/li><li dir=\"auto\"><span style=\"color: #808080;\">Harmonise les chakras<\/span><\/li><li dir=\"auto\"><span style=\"color: #808080;\">Ancre, Recentre<\/span><\/li><li dir=\"auto\"><span style=\"color: #808080;\">Calme, apaise<\/span><\/li><li dir=\"auto\"><span style=\"color: #808080;\">Diminuer le stress, les angoisses, d\u00e9pression<\/span><\/li><li dir=\"auto\"><span style=\"color: #808080;\">Am\u00e9liore la qualit\u00e9 du sommeil<\/span><\/li><li dir=\"auto\"><span style=\"color: #808080;\">Travail sur les douleurs<\/span><\/li><li dir=\"auto\"><span style=\"color: #808080;\">Purifie les lieux et objets<\/span><\/li><li dir=\"auto\"><span style=\"color: #808080;\">Recharge les pierres et cristaux<\/span><\/li><li dir=\"auto\"><span style=\"color: #808080;\">Am\u00e9liore la conservation des aliments (redynamiser sa nourriture)<\/span><\/li><li dir=\"auto\"><span style=\"color: #808080;\">Am\u00e9liore la qualit\u00e9 de l\u2019eau (redynamise et structure l\u2019eau) \u2026<\/span><\/li><\/ul><\/div><p style=\"text-align: center;\">\u00a0<a class=\"maxbutton-3 maxbutton maxbutton-en-savoir-plus\" href=\"https:\/\/isabellebalesdent.com\/accueil\/soin-fleur-de-vie-geometrie-sacree\/\"><span class='mb-text'>En savoir plus<\/span><\/a><\/p><\/div>\n\t\t\t\t<\/div>\n\t\t\t\t\t\t\t<div class=\"elementor-toggle-item\">\n\t\t\t\t\t<h3 id=\"elementor-tab-title-2448\" class=\"elementor-tab-title\" data-tab=\"8\" role=\"button\" aria-controls=\"elementor-tab-content-2448\" aria-expanded=\"false\">\n\t\t\t\t\t\t\t\t\t\t\t\t<span class=\"elementor-toggle-icon elementor-toggle-icon-left\" aria-hidden=\"true\">\n\t\t\t\t\t\t\t\t\t\t\t\t\t\t\t<span class=\"elementor-toggle-icon-closed\"><i class=\"fas fa-caret-right\"><\/i><\/span>\n\t\t\t\t\t\t\t\t<span class=\"elementor-toggle-icon-opened\"><i class=\"elementor-toggle-icon-opened fas fa-caret-up\"><\/i><\/span>\n\t\t\t\t\t\t\t\t\t\t\t\t\t<\/span>\n\t\t\t\t\t\t\t\t\t\t\t\t<a class=\"elementor-toggle-title\" tabindex=\"0\">Soin bols chantants : 50 \u20ac<\/a>\n\t\t\t\t\t<\/h3>\n\n\t\t\t\t\t<div id=\"elementor-tab-content-2448\" class=\"elementor-tab-content elementor-clearfix\" data-tab=\"8\" role=\"region\" aria-labelledby=\"elementor-tab-title-2448\"><p><span style=\"text-decoration: underline;\">Soin disponible<\/span> : seulement au <strong>cabinet<\/strong><\/p><p>Les bols chantants sont constitu\u00e9s de plusieurs m\u00e9taux, associ\u00e9 chacun \u00e0 un chakra. Lorsque le bol rentre en vibration, il lib\u00e8re une \u00e9nergie propre \u00e0 la note \u00e9mise, et agit alors sur le chakra concern\u00e9 et le r\u00e9\u00e9quilibre.<br \/>Les bols op\u00e8rent au\u00a0niveau physique et directement dans nos cellules. En le frappant une vibration est \u00e9mise, et rentre en r\u00e9sonance avec nos muscles, notre circulation \u2026 L\u2019ensemble du corps est alors accord\u00e9 sur la m\u00eame fr\u00e9quence que la note.<\/p><p>Une s\u00e9ance de bol chantant est une exp\u00e9rience agr\u00e9able, de d\u00e9tente et d\u2019un r\u00e9el l\u00e2cher-prise. Le soin avec les bols va \u00e9galement\u00a0soulager les douleurs et tensions physiques\u00a0par les vibrations \u00e9mises.<\/p><h5><span style=\"color: #ff0000;\"><strong>\u00a0\/!\\ Le soin aux bols chantants n\u2019est pas adapt\u00e9 aux femmes enceintes, et aux personnes ayant un pacemaker. \/!\\<\/strong><\/span><\/h5><p style=\"text-align: center;\">\u00a0<a class=\"maxbutton-3 maxbutton maxbutton-en-savoir-plus\" href=\"https:\/\/isabellebalesdent.com\/accueil\/massage-aux-bols-chantants\/\"><span class='mb-text'>En savoir plus<\/span><\/a><\/p><\/div>\n\t\t\t\t<\/div>\n\t\t\t\t\t\t\t\t<\/div>\n\t\t\t\t\t\t<\/div>\n\t\t\t\t<\/div>\n\t\t\t\t\t<\/div>\n\t\t<\/div>\n\t\t\t\t\t<\/div>\n\t\t<\/section>\n\t\t\t\t<section class=\"elementor-section elementor-top-section elementor-element elementor-element-29f7a50 elementor-section-boxed elementor-section-height-default elementor-section-height-default\" data-id=\"29f7a50\" data-element_type=\"section\">\n\t\t\t\t\t\t<div class=\"elementor-container elementor-column-gap-default\">\n\t\t\t\t\t<div class=\"elementor-column elementor-col-100 elementor-top-column elementor-element elementor-element-5bbcb8a\" data-id=\"5bbcb8a\" data-element_type=\"column\">\n\t\t\t<div class=\"elementor-widget-wrap elementor-element-populated\">\n\t\t\t\t\t\t<div class=\"elementor-element elementor-element-51935b2 elementor-widget elementor-widget-spacer\" data-id=\"51935b2\" data-element_type=\"widget\" data-widget_type=\"spacer.default\">\n\t\t\t\t<div class=\"elementor-widget-container\">\n\t\t\t\t\t\t\t<div class=\"elementor-spacer\">\n\t\t\t<div class=\"elementor-spacer-inner\"><\/div>\n\t\t<\/div>\n\t\t\t\t\t\t<\/div>\n\t\t\t\t<\/div>\n\t\t\t\t<div class=\"elementor-element elementor-element-9a3713d elementor-widget elementor-widget-heading\" data-id=\"9a3713d\" data-element_type=\"widget\" data-widget_type=\"heading.default\">\n\t\t\t\t<div class=\"elementor-widget-container\">\n\t\t\t\t\t<h2 class=\"elementor-heading-title elementor-size-large\">Adresse de mon cabinet<\/h2>\t\t\t\t<\/div>\n\t\t\t\t<\/div>\n\t\t\t\t\t<\/div>\n\t\t<\/div>\n\t\t\t\t\t<\/div>\n\t\t<\/section>\n\t\t\t\t<section class=\"elementor-section elementor-top-section elementor-element elementor-element-cdf4f8f elementor-section-boxed elementor-section-height-default elementor-section-height-default\" data-id=\"cdf4f8f\" data-element_type=\"section\">\n\t\t\t\t\t\t<div class=\"elementor-container elementor-column-gap-default\">\n\t\t\t\t\t<div class=\"elementor-column elementor-col-100 elementor-top-column elementor-element elementor-element-34a2770\" data-id=\"34a2770\" data-element_type=\"column\">\n\t\t\t<div class=\"elementor-widget-wrap elementor-element-populated\">\n\t\t\t\t\t\t<div class=\"elementor-element elementor-element-f44e087 elementor-widget elementor-widget-google_maps\" data-id=\"f44e087\" data-element_type=\"widget\" data-widget_type=\"google_maps.default\">\n\t\t\t\t<div class=\"elementor-widget-container\">\n\t\t\t\t\t\t\t<div class=\"elementor-custom-embed\">\n\t\t\t<iframe loading=\"lazy\"\n\t\t\t\t\tsrc=\"https:\/\/maps.google.com\/maps?q=8%20avenue%20des%20Corbi%C3%A8res%2011700%20Douzens&#038;t=m&#038;z=11&#038;output=embed&#038;iwloc=near\"\n\t\t\t\t\ttitle=\"8 avenue des Corbi\u00e8res 11700 Douzens\"\n\t\t\t\t\taria-label=\"8 avenue des Corbi\u00e8res 11700 Douzens\"\n\t\t\t><\/iframe>\n\t\t<\/div>\n\t\t\t\t\t\t<\/div>\n\t\t\t\t<\/div>\n\t\t\t\t\t<\/div>\n\t\t<\/div>\n\t\t\t\t\t<\/div>\n\t\t<\/section>\n\t\t\t\t<\/div>\n\t\t","protected":false},"excerpt":{"rendered":"<p>Nos formations sont d\u00e9sormais disponibles sur notre site ! Pour avoir des renseignements sur les formations (dur\u00e9e, lieu, prix, etc&#8230;). Rendez-vous directement dans l&rsquo;onglet \u00ab Formation \u00bb https:\/\/soinsenergetiques9.com\/accueil\/category\/formations\/ Massage tellurique intuitif : 70 \u20ac Soin disponible : seulement au cabinet En savoir plus Soin intuitif : 60 \u20ac Soin disponible : au cabinet ou \u00e0&hellip; <br \/> <a class=\"read-more\" href=\"https:\/\/isabellebalesdent.com\/accueil\/tarifications\/\">Lire la suite<\/a><\/p>\n","protected":false},"author":1119,"featured_media":0,"parent":0,"menu_order":0,"comment_status":"closed","ping_status":"closed","template":"","meta":{"om_disable_all_campaigns":false,"_monsterinsights_skip_tracking":false,"_monsterinsights_sitenote_active":false,"_monsterinsights_sitenote_note":"","_monsterinsights_sitenote_category":0,"footnotes":""},"aioseo_notices":[],"_links":{"self":[{"href":"https:\/\/isabellebalesdent.com\/accueil\/wp-json\/wp\/v2\/pages\/27"}],"collection":[{"href":"https:\/\/isabellebalesdent.com\/accueil\/wp-json\/wp\/v2\/pages"}],"about":[{"href":"https:\/\/isabellebalesdent.com\/accueil\/wp-json\/wp\/v2\/types\/page"}],"author":[{"embeddable":true,"href":"https:\/\/isabellebalesdent.com\/accueil\/wp-json\/wp\/v2\/users\/1119"}],"replies":[{"embeddable":true,"href":"https:\/\/isabellebalesdent.com\/accueil\/wp-json\/wp\/v2\/comments?post=27"}],"version-history":[{"count":136,"href":"https:\/\/isabellebalesdent.com\/accueil\/wp-json\/wp\/v2\/pages\/27\/revisions"}],"predecessor-version":[{"id":6520,"href":"https:\/\/isabellebalesdent.com\/accueil\/wp-json\/wp\/v2\/pages\/27\/revisions\/6520"}],"wp:attachment":[{"href":"https:\/\/isabellebalesdent.com\/accueil\/wp-json\/wp\/v2\/media?parent=27"}],"curies":[{"name":"wp","href":"https:\/\/api.w.org\/{rel}","templated":true}]}}