{"id":4610,"date":"2020-10-31T01:34:30","date_gmt":"2020-10-31T00:34:30","guid":{"rendered":"https:\/\/isabellebalesdent.com\/accueil\/?page_id=4610"},"modified":"2025-10-28T11:57:24","modified_gmt":"2025-10-28T10:57:24","slug":"conditions-generales-formations","status":"publish","type":"page","link":"https:\/\/isabellebalesdent.com\/accueil\/conditions-generales-formations\/","title":{"rendered":"Conditions g\u00e9n\u00e9rales des formations"},"content":{"rendered":"\t\t<div data-elementor-type=\"wp-page\" data-elementor-id=\"4610\" class=\"elementor elementor-4610\">\n\t\t\t\t\t\t<section class=\"elementor-section elementor-top-section elementor-element elementor-element-479b32a elementor-section-boxed elementor-section-height-default elementor-section-height-default\" data-id=\"479b32a\" data-element_type=\"section\">\n\t\t\t\t\t\t<div class=\"elementor-container elementor-column-gap-default\">\n\t\t\t\t\t<div class=\"elementor-column elementor-col-100 elementor-top-column elementor-element elementor-element-d6c4c51\" data-id=\"d6c4c51\" data-element_type=\"column\">\n\t\t\t<div class=\"elementor-widget-wrap elementor-element-populated\">\n\t\t\t\t\t\t<div class=\"elementor-element elementor-element-85bd4fb elementor-shape-circle elementor-grid-0 e-grid-align-center elementor-widget elementor-widget-social-icons\" data-id=\"85bd4fb\" data-element_type=\"widget\" data-widget_type=\"social-icons.default\">\n\t\t\t\t<div class=\"elementor-widget-container\">\n\t\t\t\t\t\t\t<div class=\"elementor-social-icons-wrapper elementor-grid\" role=\"list\">\n\t\t\t\t\t\t\t<span class=\"elementor-grid-item\" role=\"listitem\">\n\t\t\t\t\t<a class=\"elementor-icon elementor-social-icon elementor-social-icon-facebook elementor-repeater-item-eb827e2\" href=\"https:\/\/www.facebook.com\/isafeedessoins9\" target=\"_blank\">\n\t\t\t\t\t\t<span class=\"elementor-screen-only\">Facebook<\/span>\n\t\t\t\t\t\t<i class=\"fab fa-facebook\"><\/i>\t\t\t\t\t<\/a>\n\t\t\t\t<\/span>\n\t\t\t\t\t\t\t<span class=\"elementor-grid-item\" role=\"listitem\">\n\t\t\t\t\t<a class=\"elementor-icon elementor-social-icon elementor-social-icon-instagram elementor-repeater-item-5963d35\" href=\"https:\/\/www.instagram.com\/isa_fee_des_soins\/\" target=\"_blank\">\n\t\t\t\t\t\t<span class=\"elementor-screen-only\">Instagram<\/span>\n\t\t\t\t\t\t<i class=\"fab fa-instagram\"><\/i>\t\t\t\t\t<\/a>\n\t\t\t\t<\/span>\n\t\t\t\t\t\t\t<span class=\"elementor-grid-item\" role=\"listitem\">\n\t\t\t\t\t<a class=\"elementor-icon elementor-social-icon elementor-social-icon-shopping-basket elementor-repeater-item-97c7339\" href=\"https:\/\/soinsenergetiques9.com\/boutique\/\" target=\"_blank\">\n\t\t\t\t\t\t<span class=\"elementor-screen-only\">Shopping-basket<\/span>\n\t\t\t\t\t\t<i class=\"fas fa-shopping-basket\"><\/i>\t\t\t\t\t<\/a>\n\t\t\t\t<\/span>\n\t\t\t\t\t<\/div>\n\t\t\t\t\t\t<\/div>\n\t\t\t\t<\/div>\n\t\t\t\t\t<\/div>\n\t\t<\/div>\n\t\t\t\t\t<\/div>\n\t\t<\/section>\n\t\t\t\t<section class=\"elementor-section elementor-top-section elementor-element elementor-element-798ae0c elementor-section-boxed elementor-section-height-default elementor-section-height-default\" data-id=\"798ae0c\" data-element_type=\"section\">\n\t\t\t\t\t\t<div class=\"elementor-container elementor-column-gap-default\">\n\t\t\t\t\t<div class=\"elementor-column elementor-col-100 elementor-top-column elementor-element elementor-element-9b38c64\" data-id=\"9b38c64\" data-element_type=\"column\">\n\t\t\t<div class=\"elementor-widget-wrap elementor-element-populated\">\n\t\t\t\t\t\t<div class=\"elementor-element elementor-element-be029ab elementor-widget elementor-widget-heading\" data-id=\"be029ab\" data-element_type=\"widget\" data-widget_type=\"heading.default\">\n\t\t\t\t<div class=\"elementor-widget-container\">\n\t\t\t\t\t<h2 class=\"elementor-heading-title elementor-size-default\"><h2 data-elementor-setting-key=\"title\" data-pen-placeholder=\"\u00c9crivez ici...\" style=\"font-weight: var( --e-global-typography-primary-font-weight ); font-family: var( --e-global-typography-primary-font-family ), Sans-serif; color: rgb(102, 49, 171); text-align: center;\">Les Conditions G\u00e9n\u00e9rales des Formations<\/h2><\/h2>\t\t\t\t<\/div>\n\t\t\t\t<\/div>\n\t\t\t\t<div class=\"elementor-element elementor-element-d252c5e elementor-widget-divider--view-line elementor-widget elementor-widget-divider\" data-id=\"d252c5e\" data-element_type=\"widget\" data-widget_type=\"divider.default\">\n\t\t\t\t<div class=\"elementor-widget-container\">\n\t\t\t\t\t\t\t<div class=\"elementor-divider\">\n\t\t\t<span class=\"elementor-divider-separator\">\n\t\t\t\t\t\t<\/span>\n\t\t<\/div>\n\t\t\t\t\t\t<\/div>\n\t\t\t\t<\/div>\n\t\t\t\t\t<\/div>\n\t\t<\/div>\n\t\t\t\t\t<\/div>\n\t\t<\/section>\n\t\t\t\t<section class=\"elementor-section elementor-top-section elementor-element elementor-element-850265d elementor-section-boxed elementor-section-height-default elementor-section-height-default\" data-id=\"850265d\" data-element_type=\"section\">\n\t\t\t\t\t\t<div class=\"elementor-container elementor-column-gap-default\">\n\t\t\t\t\t<div class=\"elementor-column elementor-col-100 elementor-top-column elementor-element elementor-element-e3866d6\" data-id=\"e3866d6\" data-element_type=\"column\">\n\t\t\t<div class=\"elementor-widget-wrap elementor-element-populated\">\n\t\t\t\t\t\t<div class=\"elementor-element elementor-element-3a3b440 elementor-alert-danger elementor-widget elementor-widget-alert\" data-id=\"3a3b440\" data-element_type=\"widget\" data-widget_type=\"alert.default\">\n\t\t\t\t<div class=\"elementor-widget-container\">\n\t\t\t\t\t\t\t<div class=\"elementor-alert\" role=\"alert\">\n\n\t\t\t\t\t\t<span class=\"elementor-alert-title\">\/!\\ IMPORTANT \/!\\<\/span>\n\t\t\t\n\t\t\t\t\t\t<span class=\"elementor-alert-description\">Ce prix ne comprend pas <b style=\"\">l\u2019h\u00e9bergement et la restauration<\/b>. Un r\u00e9frig\u00e9rateur sera \u00e0 votre disposition pour vos repas (<i>possibilit\u00e9 de r\u00e9chauffer vos repas sur place<\/i>)<\/span>\n\t\t\t\n\t\t\t\n\t\t<\/div>\n\t\t\t\t\t\t<\/div>\n\t\t\t\t<\/div>\n\t\t\t\t<div class=\"elementor-element elementor-element-4ce56c5 elementor-widget elementor-widget-text-editor\" data-id=\"4ce56c5\" data-element_type=\"widget\" data-widget_type=\"text-editor.default\">\n\t\t\t\t<div class=\"elementor-widget-container\">\n\t\t\t\t\t\t\t\t\t<h3><span style=\"color: #6631ab;\">Les<strong> Conditions g\u00e9n\u00e9rales :<\/strong><\/span><\/h3><p><span style=\"color: #ff0000;\"><em><strong>*C\u2019est la r\u00e9ception et l\u2019encaissement de votre acompte qui validera votre inscription.<\/strong><\/em><\/span><\/p><h3><span style=\"color: #6631ab;\"><strong>Conditions de paiement :<\/strong><\/span><\/h3><div><p><strong><u>Plusieurs m\u00e9thodes de paiement :<\/u><\/strong><\/p><ul><li><strong>Par virement bancaire<\/strong> (paiement partiel ou int\u00e9gral de la formation)<\/li><li><strong style=\"color: var( --e-global-color-text ); font-family: var( --e-global-typography-text-font-family ), Sans-serif;\">En Esp\u00e8ce\u00a0<\/strong><ul><li><em><em>Adresse : Isabelle BALESDENT \u2013 8, avenue des Corbi\u00e8res &#8211; 11700 DOUZENS (Entre Carcassonne &#8211; Narbonne)<\/em><\/em><\/li><\/ul><\/li><\/ul><p><span style=\"text-decoration: underline;\"><strong>Si vous souhaitez r\u00e9gler en 2 fois (Par module ou en int\u00e9gralit\u00e9) :<\/strong><\/span><\/p><ul><li><strong>Par virement bancaire<\/strong>, adressez-moi\u00a0<span style=\"color: #ff0000;\"><strong>*<\/strong><\/span>la premi\u00e8re \u00e9ch\u00e9ance acompte de 140 \u20ac pour 1 module. Pour les 3 modules un acompte de 340 \u20ac, cela validera votre inscription pour 1 module ou pour les 3 modules suivant votre choix. Vous avez \u00e9galement la possibilit\u00e9 de payer par virement bancaire 1 \u00e9ch\u00e9ance de la somme jusqu\u2019au premier jour de la formation. La totalit\u00e9 du r\u00e8glement doit \u00eatre effectu\u00e9e le premier jour de la formation (soit par virement ou esp\u00e8ces).\u00a0<\/li><li>Pour toute inscription r\u00e9alis\u00e9e dans les 30 jours qui pr\u00e9c\u00e8dent le premier jour de la formation, le paiement doit imp\u00e9rativement \u00eatre sold\u00e9 le premier jour du d\u00e9but de la formation.<\/li><\/ul><p><span style=\"text-decoration: underline;\"><strong>Si vous souhaitez r\u00e9gler en 3 fois (Les 3 modules ou en int\u00e9gralit\u00e9) :<\/strong><\/span><\/p><ul><li><strong>Par virement bancaire,<\/strong> adressez-moi\u00a0<strong><span style=\"color: #ff0000;\">*<\/span><\/strong>la premi\u00e8re \u00e9ch\u00e9ance acompte de 140 \u20ac pour 1 module. Pour les 3 modules un acompte de 340 \u20ac, cela validera votre inscription pour 1 module ou pour les 3 modules suivant votre choix.<\/li><li>\u00a0Vous avez \u00e9galement la possibilit\u00e9 de payer par virement bancaire 2 \u00e9ch\u00e9ances de la somme jusqu\u2019au premier jour de la formation. La totalit\u00e9 du r\u00e8glement doit \u00eatre effectu\u00e9e le premier jour de la formation (soit par virement ou esp\u00e8ces).\u00a0<\/li><li>Pour toute inscription r\u00e9alis\u00e9e dans les 30 jours qui pr\u00e9c\u00e8dent le premier jour de la formation, le paiement doit imp\u00e9rativement \u00eatre sold\u00e9 le premier jour du d\u00e9but de la formation.<\/li><\/ul><h3><span style=\"color: #6631ab;\"><strong>Conditions d&rsquo;annulation de la formation :<\/strong><\/span><\/h3><p><span style=\"text-decoration: underline;\"><strong>En cas d\u2019annulation\u00a0:<\/strong><\/span><\/p><ul><li><span style=\"color: #ff0000;\"><strong>Aucun remboursement ne sera effectu\u00e9.<\/strong><\/span><\/li><\/ul><p><strong><span style=\"text-decoration: underline;\">En cas d\u2019annulation de ma part, je vous rembourse\u00a0 :<\/span><\/strong><\/p><ul><li><span style=\"color: #ff0000;\"><b>Le montant soit l\u2019acompte vers\u00e9 ou la totalit\u00e9 de la formation.<\/b><\/span><\/li><\/ul><h4 style=\"text-align: center;\"><em><strong><br \/><\/strong><\/em><strong><span style=\"color: #ff0000;\">En signant l\u2019inscription \u00e0 l\u2019une de mes formations, <\/span><\/strong><span style=\"color: #ff0000;\"><strong>vous attestez avoir pris connaissance des conditions g\u00e9n\u00e9rales et les accepter.<\/strong><\/span><\/h4><\/div><h3>\u00a0<\/h3>\t\t\t\t\t\t\t\t<\/div>\n\t\t\t\t<\/div>\n\t\t\t\t\t<\/div>\n\t\t<\/div>\n\t\t\t\t\t<\/div>\n\t\t<\/section>\n\t\t\t\t<section class=\"elementor-section elementor-top-section elementor-element elementor-element-59bbc7d elementor-section-boxed elementor-section-height-default elementor-section-height-default\" data-id=\"59bbc7d\" data-element_type=\"section\">\n\t\t\t\t\t\t<div class=\"elementor-container elementor-column-gap-default\">\n\t\t\t\t\t<div class=\"elementor-column elementor-col-100 elementor-top-column elementor-element elementor-element-cede073\" data-id=\"cede073\" data-element_type=\"column\">\n\t\t\t<div class=\"elementor-widget-wrap elementor-element-populated\">\n\t\t\t\t\t\t<section class=\"elementor-section elementor-inner-section elementor-element elementor-element-b085008 elementor-section-boxed elementor-section-height-default elementor-section-height-default\" data-id=\"b085008\" data-element_type=\"section\">\n\t\t\t\t\t\t<div class=\"elementor-container elementor-column-gap-default\">\n\t\t\t\t\t<div class=\"elementor-column elementor-col-50 elementor-inner-column elementor-element elementor-element-9a0ec82\" data-id=\"9a0ec82\" data-element_type=\"column\">\n\t\t\t<div class=\"elementor-widget-wrap\">\n\t\t\t\t\t\t\t<\/div>\n\t\t<\/div>\n\t\t\t\t<div class=\"elementor-column elementor-col-50 elementor-inner-column elementor-element elementor-element-7ee173f\" data-id=\"7ee173f\" data-element_type=\"column\">\n\t\t\t<div class=\"elementor-widget-wrap\">\n\t\t\t\t\t\t\t<\/div>\n\t\t<\/div>\n\t\t\t\t\t<\/div>\n\t\t<\/section>\n\t\t\t\t\t<\/div>\n\t\t<\/div>\n\t\t\t\t\t<\/div>\n\t\t<\/section>\n\t\t\t\t<\/div>\n\t\t","protected":false},"excerpt":{"rendered":"<p>Facebook Instagram Shopping-basket Les Conditions G\u00e9n\u00e9rales des Formations \/! IMPORTANT \/! Ce prix ne comprend pas l\u2019h\u00e9bergement et la restauration. Un r\u00e9frig\u00e9rateur sera \u00e0 votre disposition pour vos repas (possibilit\u00e9 de r\u00e9chauffer vos repas sur place) Les Conditions g\u00e9n\u00e9rales : *C\u2019est la r\u00e9ception et l\u2019encaissement de votre acompte qui validera votre inscription. Conditions de paiement&hellip; <br \/> <a class=\"read-more\" href=\"https:\/\/isabellebalesdent.com\/accueil\/conditions-generales-formations\/\">Lire la suite<\/a><\/p>\n","protected":false},"author":1119,"featured_media":0,"parent":0,"menu_order":0,"comment_status":"closed","ping_status":"closed","template":"","meta":{"om_disable_all_campaigns":false,"_monsterinsights_skip_tracking":false,"_monsterinsights_sitenote_active":false,"_monsterinsights_sitenote_note":"","_monsterinsights_sitenote_category":0,"footnotes":""},"aioseo_notices":[],"_links":{"self":[{"href":"https:\/\/isabellebalesdent.com\/accueil\/wp-json\/wp\/v2\/pages\/4610"}],"collection":[{"href":"https:\/\/isabellebalesdent.com\/accueil\/wp-json\/wp\/v2\/pages"}],"about":[{"href":"https:\/\/isabellebalesdent.com\/accueil\/wp-json\/wp\/v2\/types\/page"}],"author":[{"embeddable":true,"href":"https:\/\/isabellebalesdent.com\/accueil\/wp-json\/wp\/v2\/users\/1119"}],"replies":[{"embeddable":true,"href":"https:\/\/isabellebalesdent.com\/accueil\/wp-json\/wp\/v2\/comments?post=4610"}],"version-history":[{"count":43,"href":"https:\/\/isabellebalesdent.com\/accueil\/wp-json\/wp\/v2\/pages\/4610\/revisions"}],"predecessor-version":[{"id":6542,"href":"https:\/\/isabellebalesdent.com\/accueil\/wp-json\/wp\/v2\/pages\/4610\/revisions\/6542"}],"wp:attachment":[{"href":"https:\/\/isabellebalesdent.com\/accueil\/wp-json\/wp\/v2\/media?parent=4610"}],"curies":[{"name":"wp","href":"https:\/\/api.w.org\/{rel}","templated":true}]}}