{"id":6158,"date":"2019-08-22T21:36:30","date_gmt":"2019-08-22T19:36:30","guid":{"rendered":"https:\/\/soinsenergetiques9.com\/accueil\/mesmerize\/"},"modified":"2025-10-28T12:10:16","modified_gmt":"2025-10-28T11:10:16","slug":"mesmerize-2","status":"publish","type":"page","link":"https:\/\/isabellebalesdent.com\/accueil\/","title":{"rendered":"\ud83d\ude4f Entrer dans mon univers \ud83d\ude4f"},"content":{"rendered":"<div  data-label=\"Portfolio\" data-id=\"portfolio--1\" data-export-id=\"portfolio-5\" data-category=\"portfolio\" class=\"portfolio-5 content-section content-section-spacing\" id=\"portfolio-1\" style=\"background-color: rgb(255, 255, 255);\"><div  class=\"gridContainer\"> <div  class=\"row text-center\"><div  class=\"section-title-col\" data-type=\"column\"> <h2  class=\"\">MES SOINS<\/h2> <\/div> <\/div> <div  class=\"row space-bottom spaced-cols\" data-type=\"row\"> <div  class=\"col-xs-12 col-sm-4 text-center col-md-3 \"> <div  class=\"card no-padding bordered\"> <div  data-hover-fx=\"portfolio-6\" class=\"contentswap-effect\"> <div  class=\"initial-image\"> <img  decoding=\"async\" data-size=\"500x333\" src=\"https:\/\/isabellebalesdent.com\/accueil\/wp-content\/uploads\/2024\/09\/cropped-Nathan.jpg\"><\/div> <div  class=\"overlay bg-color6\"><\/div> <div  class=\"swap-inner col-xs-12\"> <div  class=\"row full-height-row middle-xs middle-sm\"> <div  class=\"col-xs-12 text-center content-holder\"> <a class=\"button small color2\" href=\"https:\/\/isabellebalesdent.com\/accueil\/category\/soins\" target=\"_self\" data-cp-link=\"1\" rel=\"noopener\">VOIR PLUS<\/a><\/div> <\/div><\/div> <\/div> <div  class=\"col-xs-12\"> <div  class=\"space-bottom space-top\" data-type=\"column\"> <h5  class=\"\">Soins \u00c9nerg\u00e9tiques<\/h5> <\/div> <\/div><\/div> <\/div><div  class=\"col-xs-12 col-sm-4 text-center col-md-3 \"> <div  class=\"card no-padding bordered\"> <div  data-hover-fx=\"portfolio-6\" class=\"contentswap-effect\"> <div  class=\"initial-image\"> <img  decoding=\"async\" data-size=\"500x333\" src=\"https:\/\/isabellebalesdent.com\/accueil\/wp-content\/uploads\/2024\/09\/cropped-cropped-telechargement-1.jpg\"><\/div> <div  class=\"overlay bg-color6\"><\/div> <div  class=\"swap-inner col-xs-12\"> <div  class=\"row full-height-row middle-xs middle-sm\"> <div  class=\"col-xs-12 text-center content-holder\"> <a class=\"button small color2\" href=\"https:\/\/isabellebalesdent.com\/accueil\/massage-des-5-continents\" target=\"_self\" data-cp-link=\"1\" rel=\"noopener\">VOIR PLUS<\/a><\/div> <\/div><\/div> <\/div> <div  class=\"col-xs-12\"> <div  class=\"space-bottom space-top\" data-type=\"column\"> <h5  class=\"\">Massage tellurique intuitif<\/h5> <\/div> <\/div><\/div> <\/div>  <div  class=\"col-xs-12 col-sm-4 text-center col-md-3 \"> <div  class=\"card no-padding bordered\"> <div  data-hover-fx=\"portfolio-6\" class=\"contentswap-effect\"> <div  class=\"initial-image\"> <img  decoding=\"async\" data-size=\"500x333\" src=\"https:\/\/isabellebalesdent.com\/accueil\/wp-content\/uploads\/2024\/09\/cropped-fl.jpg\"><\/div> <div  class=\"overlay bg-color6\"><\/div> <div  class=\"swap-inner col-xs-12\"> <div  class=\"row full-height-row middle-xs middle-sm\"> <div  class=\"col-xs-12 text-center content-holder\"> <a class=\"button small color2\" href=\"https:\/\/isabellebalesdent.com\/accueil\/category\/fleurs-de-bach\" target=\"_self\" data-cp-link=\"1\" rel=\"noopener\">VOIR PLUS<\/a><\/div> <\/div><\/div> <\/div> <div  class=\"col-xs-12\"> <div  class=\"space-bottom space-top\" data-type=\"column\"> <h5  class=\"\">Soins fleur de vie g\u00e9om\u00e9trie sacr\u00e9e<\/h5> <\/div> <\/div><\/div> <\/div><div  class=\"col-xs-12 col-sm-4 text-center col-md-3 \"> <div  class=\"card no-padding bordered\"> <div  data-hover-fx=\"portfolio-6\" class=\"contentswap-effect\"> <div  class=\"initial-image\"> <img  decoding=\"async\" data-size=\"500x333\" src=\"https:\/\/isabellebalesdent.com\/accueil\/wp-content\/uploads\/2024\/09\/telechargement-2.jpg\"><\/div> <div  class=\"overlay bg-color6\"><\/div> <div  class=\"swap-inner col-xs-12\"> <div  class=\"row full-height-row middle-xs middle-sm\"> <div  class=\"col-xs-12 text-center content-holder\"> <a class=\"button small color2\" href=\"https:\/\/isabellebalesdent.com\/accueil\/soin-cristallotherapie\" target=\"_self\" data-cp-link=\"1\" rel=\"noopener\">VOIR PLUS<\/a><\/div> <\/div><\/div> <\/div> <div  class=\"col-xs-12\"> <div  class=\"space-bottom space-top\" data-type=\"column\"> <h5  class=\"\">Cristalloth\u00e9rapie Lithoth\u00e9rapie<\/h5> <\/div> <\/div><\/div> <\/div><div  class=\"col-xs-12 col-sm-4 text-center col-md-3 \"> <div  class=\"card no-padding bordered\"> <div  data-hover-fx=\"portfolio-6\" class=\"contentswap-effect\"> <div  class=\"initial-image\"> <img  decoding=\"async\" data-size=\"500x333\" src=\"https:\/\/isabellebalesdent.com\/accueil\/wp-content\/uploads\/2018\/01\/cropped-cropped-images-1.jpg\"><\/div> <div  class=\"overlay bg-color6\"><\/div> <div  class=\"swap-inner col-xs-12\"> <div  class=\"row full-height-row middle-xs middle-sm\"> <div  class=\"col-xs-12 text-center content-holder\"> <a class=\"button small color2\" href=\"https:\/\/isabellebalesdent.com\/accueil\/seance-magnetisme\" target=\"_self\" data-cp-link=\"1\" rel=\"noopener\">VOIR PLUS<\/a><\/div> <\/div><\/div> <\/div> <div  class=\"col-xs-12\"> <div  class=\"space-bottom space-top\" data-type=\"column\"> <h5  class=\"\">Magn\u00e9tisme<\/h5> <\/div> <\/div><\/div> <\/div><div  class=\"col-xs-12 col-sm-4 text-center col-md-3 \"> <div  class=\"card no-padding bordered\"> <div  data-hover-fx=\"portfolio-6\" class=\"contentswap-effect\"> <div  class=\"initial-image\"> <img  decoding=\"async\" data-size=\"500x333\" src=\"https:\/\/isabellebalesdent.com\/accueil\/wp-content\/uploads\/2024\/09\/cropped-Soundhealing-with-Himalaya-Bowls.jpg\"><\/div> <div  class=\"overlay bg-color6\"><\/div> <div  class=\"swap-inner col-xs-12\"> <div  class=\"row full-height-row middle-xs middle-sm\"> <div  class=\"col-xs-12 text-center content-holder\"> <a class=\"button small color2\" href=\"https:\/\/isabellebalesdent.com\/accueil\/massage-aux-bols-chantants\" target=\"_self\" data-cp-link=\"1\" rel=\"noopener\">VOIR PLUS<\/a><\/div> <\/div><\/div> <\/div> <div  class=\"col-xs-12\"> <div  class=\"space-bottom space-top\" data-type=\"column\"> <h5  class=\"\">Soin bols chantant<\/h5> <\/div> <\/div><\/div> <\/div><\/div> <div  class=\"row\"><div  data-type=\"column\" class=\"col-xs-12 text-center\"> <a class=\"button color2 y-move\" href=\"https:\/\/isabellebalesdent.com\/accueil\/tarifications\" target=\"_self\" data-cp-link=\"1\" rel=\"noopener\">LES TARIFS<\/a><\/div> <\/div><\/div> <\/div><div  data-label=\"Latest-news\" data-id=\"latest_news--1\" data-export-id=\"blog-section\" data-category=\"latest_news\" class=\"blog-section blog-section-standard content-section content-section-spacing\" id=\"latest_news-1\" style=\"background-color: rgb(245, 250, 253);\"><div  class=\"gridContainer\"> <div  class=\"row\"><div  data-type=\"column\" class=\"section-title-col\"> <h2  class=\"\">Derni\u00e8res infos<\/h2> <p  class=\"lead\">Retrouvez tous nos articles et derni\u00e8re informations de mon blogs.<\/p><\/div> <\/div> <div  class=\"row\"> <div  data-type=\"row\" data-dynamic-columns=\"handled\" data-content-shortcode=\"mesmerize_latest_news columns=&quot;4&quot; \">\t\t<div class=\"row center-sm content-left-sm\">\n\t\t\t\t\t<div id=\"post-5932\" class=\"col-sm-6 col-md-4 space-bottom space-bottom-xs\">\n\t\t\t\t<div class=\"post-content card y-move bordered\">\n\t\t\t\t\t<div class=\"post-thumbnail\">\r\n   <a href=\"https:\/\/isabellebalesdent.com\/accueil\/enagenda-des-formations-soinsergetiques-2025\/\" class=\"post-list-item-thumb \">\r\n      <img fetchpriority=\"high\" decoding=\"async\" width=\"1024\" height=\"577\" src=\"https:\/\/isabellebalesdent.com\/accueil\/wp-content\/uploads\/2025\/05\/Copie-de-Formation-Soinsenergetiques-JANVIER-a-juin-2025-1-1024x577.jpg\" class=\"attachment-post-thumbnail size-post-thumbnail wp-post-image\" alt=\"\" srcset=\"https:\/\/isabellebalesdent.com\/accueil\/wp-content\/uploads\/2025\/05\/Copie-de-Formation-Soinsenergetiques-JANVIER-a-juin-2025-1-1024x577.jpg 1024w, https:\/\/isabellebalesdent.com\/accueil\/wp-content\/uploads\/2025\/05\/Copie-de-Formation-Soinsenergetiques-JANVIER-a-juin-2025-1-300x169.jpg 300w, https:\/\/isabellebalesdent.com\/accueil\/wp-content\/uploads\/2025\/05\/Copie-de-Formation-Soinsenergetiques-JANVIER-a-juin-2025-1-768x433.jpg 768w, https:\/\/isabellebalesdent.com\/accueil\/wp-content\/uploads\/2025\/05\/Copie-de-Formation-Soinsenergetiques-JANVIER-a-juin-2025-1-1536x865.jpg 1536w, https:\/\/isabellebalesdent.com\/accueil\/wp-content\/uploads\/2025\/05\/Copie-de-Formation-Soinsenergetiques-JANVIER-a-juin-2025-1.jpg 1640w\" sizes=\"(max-width: 1024px) 100vw, 1024px\" \/>   <\/a>\r\n<\/div>\r\n\t\t\t\t\t<div class=\"col-padding col-padding-xs\">\n\t\t\t\t\t\t<h3 class=\"post-title space-bottom-small\">\n\t\t\t\t\t\t\t<a href=\"https:\/\/isabellebalesdent.com\/accueil\/enagenda-des-formations-soinsergetiques-2025\/\" rel=\"bookmark\">\n\t\t\t\t\t\t\t\tAgenda des formations soins \u00e9nerg\u00e9tiques 2025\t\t\t\t\t\t\t<\/a>\n\t\t\t\t\t\t<\/h3>\n\t\t\t\t\t\t<p>NOUVELLE FORMATION \u00a0Soins \u00e9nerg\u00e9tiques M\u00e9thode AIR\u00ae CERTIFIANTE &nbsp; &nbsp; AGENDA des formations Septembre \u00e0 D\u00e9cembre 2025.\u00a0 Inscription ouverte r\u00e9servez vos places pour les prochaines formations de praticien\/ne en soins \u00e9nerg\u00e9tiques[&hellip;]<\/p>\n\t\t\t\t\t\t<a class=\"read-more link\" href=\"https:\/\/isabellebalesdent.com\/accueil\/enagenda-des-formations-soinsergetiques-2025\/\">\n\t\t\t\t\t\t\tRead more\t\t\t\t\t\t<\/a>\n\t\t\t\t\t<\/div>\n\t\t\t\t<\/div>\n\t\t\t<\/div>\n\t\t\t\t\t\t<div id=\"post-1240\" class=\"col-sm-6 col-md-4 space-bottom space-bottom-xs\">\n\t\t\t\t<div class=\"post-content card y-move bordered\">\n\t\t\t\t\t<div class=\"post-thumbnail\">\r\n   <a href=\"https:\/\/isabellebalesdent.com\/accueil\/preparation-pour-le-rhume-rhinite\/\" class=\"post-list-item-thumb \">\r\n      <img decoding=\"async\" width=\"299\" height=\"168\" src=\"https:\/\/isabellebalesdent.com\/accueil\/wp-content\/uploads\/2024\/12\/telechargement.jpg\" class=\"attachment-post-thumbnail size-post-thumbnail wp-post-image\" alt=\"\" \/>   <\/a>\r\n<\/div>\r\n\t\t\t\t\t<div class=\"col-padding col-padding-xs\">\n\t\t\t\t\t\t<h3 class=\"post-title space-bottom-small\">\n\t\t\t\t\t\t\t<a href=\"https:\/\/isabellebalesdent.com\/accueil\/preparation-pour-le-rhume-rhinite\/\" rel=\"bookmark\">\n\t\t\t\t\t\t\t\tPr\u00e9paration pour le rhume &#8211; Rhinite\t\t\t\t\t\t\t<\/a>\n\t\t\t\t\t\t<\/h3>\n\t\t\t\t\t\t<p>Rhume &#8211; Rhinite Le r\u00e9flexe l&rsquo;eucalyptus radi\u00e9 &nbsp; \u00a0A avaler :\u00a0Verser 1 gtte sur un comprim\u00e9 neutre ou un petit sucre et absorbez 4 fois par jour. &nbsp; Appliquez aussi[&hellip;]<\/p>\n\t\t\t\t\t\t<a class=\"read-more link\" href=\"https:\/\/isabellebalesdent.com\/accueil\/preparation-pour-le-rhume-rhinite\/\">\n\t\t\t\t\t\t\tRead more\t\t\t\t\t\t<\/a>\n\t\t\t\t\t<\/div>\n\t\t\t\t<\/div>\n\t\t\t<\/div>\n\t\t\t\t\t\t<div id=\"post-1218\" class=\"col-sm-6 col-md-4 space-bottom space-bottom-xs\">\n\t\t\t\t<div class=\"post-content card y-move bordered\">\n\t\t\t\t\t<div class=\"post-thumbnail\">\r\n   <a href=\"https:\/\/isabellebalesdent.com\/accueil\/remede-contre-la-grippe\/\" class=\"post-list-item-thumb \">\r\n      <img decoding=\"async\" width=\"300\" height=\"200\" src=\"https:\/\/isabellebalesdent.com\/accueil\/wp-content\/uploads\/2018\/01\/femme-ag\u00e9e-1-e1518004364851.jpg\" class=\"attachment-post-thumbnail size-post-thumbnail wp-post-image\" alt=\"\" \/>   <\/a>\r\n<\/div>\r\n\t\t\t\t\t<div class=\"col-padding col-padding-xs\">\n\t\t\t\t\t\t<h3 class=\"post-title space-bottom-small\">\n\t\t\t\t\t\t\t<a href=\"https:\/\/isabellebalesdent.com\/accueil\/remede-contre-la-grippe\/\" rel=\"bookmark\">\n\t\t\t\t\t\t\t\tRem\u00e8de pour la grippe\t\t\t\t\t\t\t<\/a>\n\t\t\t\t\t\t<\/h3>\n\t\t\t\t\t\t<p>&nbsp; Pr\u00e9paration pour la grippe &nbsp; \u00a0Le r\u00e9flexe huile essentielle de Ravintsara &nbsp; Appliquez 3 gttes dans le bas du dos, le long de la colonne vert\u00e9brale et sur le[&hellip;]<\/p>\n\t\t\t\t\t\t<a class=\"read-more link\" href=\"https:\/\/isabellebalesdent.com\/accueil\/remede-contre-la-grippe\/\">\n\t\t\t\t\t\t\tRead more\t\t\t\t\t\t<\/a>\n\t\t\t\t\t<\/div>\n\t\t\t\t<\/div>\n\t\t\t<\/div>\n\t\t\t\t<\/div>\n\t<\/div><\/div> <div  class=\"row\"><div  class=\"text-center\"> <a  class=\"button color1\" data-attr-shortcode=\"href:mesmerize_blog_link\" href=\"https:\/\/isabellebalesdent.com\/accueil\/blog\/\">VOIR PLUS D\u2019ARTICLES<\/a><\/div> <\/div><\/div><\/div><div  data-label=\"Content\" data-id=\"content--1\" data-export-id=\"content-3\" data-category=\"content\" class=\"content-3 content-section content-section-spacing\" id=\"content-1\" style=\"background-color: rgb(255, 255, 255);\"><div  class=\"gridContainer\"> <div  class=\"row middle-xs\"><div  class=\"col-sm-7 full-col-left-padding full-col-right-padding\"> <div  class=\"row\"><div  data-type=\"column\" class=\"space-bottom-small content-title-col content-left-sm\">  <h2  class=\"\">Isabelle Balesdent<\/h2> <p  class=\"\">Je suis assistante de vie de m\u00e9tier, j\u2019ai toujours voulu m\u2019orienter vers les m\u00e9decines naturelles, mais le quotidien vous rattrape et vous vous dites je ferai \u00e7a plus tard ! \n<br ><br >Le plus tard est arriv\u00e9 tr\u00e8s vite, je me suis retrouv\u00e9e dans l\u2019incapacit\u00e9 de pouvoir continuer mon m\u00e9tier, r\u00e9\u00e9ducation pendant 2 ans suite \u00e0 une op\u00e9ration importante.\u2028Un jour, je me trouvais dans ma voiture, je rentrais \u00e0 mon domicile en \u00e9coutant la radio. Une \u00e9mission parlait de la gu\u00e9rison avec les mains par l\u2019\u00e9nergie \u00ab les soins \u00e9nerg\u00e9tiques \u00bb plus j\u2019\u00e9coutais cette \u00e9mission plus cela raisonnait en moi. \n<br ><br >Pour moi c\u2019\u00e9tait le moment, j\u2019avais tout le temps n\u00e9cessaire pour le faire. Les formations de soins \u00e9nerg\u00e9tiques ont \u00e9t\u00e9 une exp\u00e9rience incroyable !\u2028\u2028Je ressentais tout sur le corps \u00e9th\u00e9rique, les maux, les douleurs, les mal-\u00eatres, les tristesses, les joies, tous les dysfonctionnements du corps sur les personnes.\u2028\u2028\u2028C\u2019\u00e9tait magique pour moi !<\/p><\/div> <\/div> <div  class=\"row spaced-cols center-sm content-left-sm\" data-type=\"row\"> <div  class=\"col-xs-6 col-md-6\" data-type=\"column\">  <\/div>    <\/div><\/div> <div  class=\"col-sm-5 bg-image shadow-large-black revert-classes-holder\" data-bg=\"image\" style=\"background-image: url(&quot;https:\/\/isabellebalesdent.com\/accueil\/wp-content\/uploads\/2024\/09\/moi-1.jpg&quot;);\"><\/div><\/div> <\/div><\/div><div  data-label=\"Contact\" data-id=\"contact--1\" data-export-id=\"contact-1\" data-category=\"contact\" class=\"contact-1 content-section content-section-spacing white-text\" data-parallax-depth=\"20\" id=\"contact-1\" style=\"background-color: rgb(245, 250, 253); background-image: url(&quot;https:\/\/isabellebalesdent.com\/accueil\/wp-content\/uploads\/2020\/01\/My-Post-1.jpg&quot;); background-size: cover; background-position: center top;\"><div  class=\"\"> <div  class=\"row text-center\"><div  class=\"section-title-col\" data-type=\"column\"> <h2  class=\"\">Contact et prise de RDV<\/h2> <p  class=\"lead\">Vous pouvez directement nous contacter via ce formulaire !<\/p><\/div> <\/div> <div  class=\"row text-center\"> <div  class=\"col-xs-12 col-sm-8 col-sm-offset-2 contact-form-wrapper inline-info\"> <div  class=\"card large-padding\"> <div  class=\"\" data-content-shortcode=\"mesmerize_contact_form shortcode=&quot;formidable id=2&quot;\" data-editable=\"true\"><div class=\"frm_forms  with_frm_style frm_style_style-formidable\" id=\"frm_form_2_container\" data-token=\"be3c1b8f972d50079055d3496d300344\">\n<form enctype=\"multipart\/form-data\" method=\"post\" class=\"frm-show-form \" id=\"form_contact-us\" data-token=\"be3c1b8f972d50079055d3496d300344\">\n<div class=\"frm_form_fields \">\n<fieldset>\n<legend class=\"frm_screen_reader\">Contact Us<\/legend>\r\n\r\n<div class=\"frm_fields_container\">\n<input type=\"hidden\" name=\"frm_action\" value=\"create\" \/>\n<input type=\"hidden\" name=\"form_id\" value=\"2\" \/>\n<input type=\"hidden\" name=\"frm_hide_fields_2\" id=\"frm_hide_fields_2\" value=\"\" \/>\n<input type=\"hidden\" name=\"form_key\" value=\"contact-us\" \/>\n<input type=\"hidden\" name=\"item_meta[0]\" value=\"\" \/>\n<input type=\"hidden\" id=\"frm_submit_entry_2\" name=\"frm_submit_entry_2\" value=\"7dc874dbdc\" \/><input type=\"hidden\" name=\"_wp_http_referer\" value=\"\/accueil\/wp-json\/wp\/v2\/pages\/6158\" \/><div id=\"frm_field_15_container\" class=\"frm_form_field form-field  frm_required_field frm_top_container frm4 frm_first\">\n\t<label for=\"field_55s2r\" id=\"field_55s2r_label\" class=\"frm_primary_label\">Genre\n\t\t<span class=\"frm_required\" aria-hidden=\"true\">*<\/span>\n\t<\/label>\n\t\t\t<select name=\"item_meta[15]\" id=\"field_55s2r\"  data-reqmsg=\"Genre ne peut pas \u00eatre vide.\" aria-required=\"true\" data-invmsg=\"Genre est non valide\" aria-invalid=\"false\"  >\n\t\t<option  value=\"Mme\">Mme<\/option><option  value=\"M.\">M.<\/option>\t<\/select>\n\t\n\t\n\t\n<\/div>\n<div id=\"frm_field_6_container\" class=\"frm_form_field form-field  frm_required_field frm_top_container frm4\">\n\t<label for=\"field_qh4icy2\" id=\"field_qh4icy2_label\" class=\"frm_primary_label\">Nom et Pr\u00e9nom\n\t\t<span class=\"frm_required\" aria-hidden=\"true\">*<\/span>\n\t<\/label>\n\t<input type=\"text\" id=\"field_qh4icy2\" name=\"item_meta[6]\" value=\"\"  placeholder=\"Jean\" data-reqmsg=\"Nom et Pr\u00e9nom ne peut pas \u00eatre vide.\" aria-required=\"true\" data-invmsg=\"Nom et Pr\u00e9nom est non valide\" aria-invalid=\"false\"   aria-describedby=\"frm_desc_field_qh4icy2\"\/>\n\t<div class=\"frm_description\" id=\"frm_desc_field_qh4icy2\">Pr\u00e9nom<\/div>\n\t\n<\/div>\n<div id=\"frm_field_7_container\" class=\"frm_form_field form-field  frm_required_field frm_hidden_container frm4\">\n\t<label for=\"field_ocfup12\" id=\"field_ocfup12_label\" class=\"frm_primary_label\">Nom\n\t\t<span class=\"frm_required\" aria-hidden=\"true\">*<\/span>\n\t<\/label>\n\t<input type=\"text\" id=\"field_ocfup12\" name=\"item_meta[7]\" value=\"\"  placeholder=\"Dupont\" data-reqmsg=\"Nom ne peut pas \u00eatre vide.\" aria-required=\"true\" data-invmsg=\"Nom est non valide\" aria-invalid=\"false\"   aria-describedby=\"frm_desc_field_ocfup12\"\/>\n\t<div class=\"frm_description\" id=\"frm_desc_field_ocfup12\">Nom<\/div>\n\t\n<\/div>\n<div id=\"frm_field_8_container\" class=\"frm_form_field form-field  frm_required_field frm_top_container frm4 frm_first\">\n\t<label for=\"field_29yf4d2\" id=\"field_29yf4d2_label\" class=\"frm_primary_label\">Email\n\t\t<span class=\"frm_required\" aria-hidden=\"true\">*<\/span>\n\t<\/label>\n\t<input type=\"email\" id=\"field_29yf4d2\" name=\"item_meta[8]\" value=\"\"  placeholder=\"XXXX@XXXX.com\" data-reqmsg=\"Email ne peut pas \u00eatre vide.\" aria-required=\"true\" data-invmsg=\"Please enter a valid email address\" aria-invalid=\"false\"  \/>\n\t\n\t\n<\/div>\n<div id=\"frm_field_14_container\" class=\"frm_form_field form-field  frm_required_field frm_top_container frm4\">\n\t<label for=\"field_m7zbj\" id=\"field_m7zbj_label\" class=\"frm_primary_label\">T\u00e9l\u00e9phone\n\t\t<span class=\"frm_required\" aria-hidden=\"true\">*<\/span>\n\t<\/label>\n\t<input type=\"tel\" id=\"field_m7zbj\" name=\"item_meta[14]\" value=\"\"  data-reqmsg=\"T\u00e9l\u00e9phone ne peut pas \u00eatre vide.\" aria-required=\"true\" data-invmsg=\"T\u00e9l\u00e9phone est non valide\" aria-invalid=\"false\" pattern=\"intern[a-zA-Z]tion[a-zA-Z]l$\"  \/>\n\t\n\t\n<\/div>\n<div id=\"frm_field_17_container\" class=\"frm_form_field form-field  frm_top_container frm4\">\n\t<label for=\"field_k5d22\" id=\"field_k5d22_label\" class=\"frm_primary_label\">Votre r\u00e9gion\n\t\t<span class=\"frm_required\" aria-hidden=\"true\"><\/span>\n\t<\/label>\n\t<input type=\"text\" id=\"field_k5d22\" name=\"item_meta[17]\" value=\"\"  data-invmsg=\"Votre r\u00e9gion est non valide\" aria-invalid=\"false\"  \/>\n\t\n\t\n<\/div>\n<div id=\"frm_field_9_container\" class=\"frm_form_field form-field  frm_required_field frm_top_container frm_full\">\n\t<label for=\"field_e6lis62\" id=\"field_e6lis62_label\" class=\"frm_primary_label\">Objet du message\n\t\t<span class=\"frm_required\" aria-hidden=\"true\">*<\/span>\n\t<\/label>\n\t<input type=\"text\" id=\"field_e6lis62\" name=\"item_meta[9]\" value=\"\"  data-reqmsg=\"Objet du message ne peut pas \u00eatre vide.\" aria-required=\"true\" data-invmsg=\"Objet du message est non valide\" aria-invalid=\"false\"  \/>\n\t\n\t\n<\/div>\n<div id=\"frm_field_10_container\" class=\"frm_form_field form-field  frm_required_field frm_top_container frm_full\">\n\t<label for=\"field_9jv0r12\" id=\"field_9jv0r12_label\" class=\"frm_primary_label\">Message\n\t\t<span class=\"frm_required\" aria-hidden=\"true\">*<\/span>\n\t<\/label>\n\t<textarea name=\"item_meta[10]\" id=\"field_9jv0r12\" rows=\"5\"  data-reqmsg=\"Message ne peut pas \u00eatre vide.\" aria-required=\"true\" data-invmsg=\"Message est non valide\" aria-invalid=\"false\"  ><\/textarea>\n\t\n\t\n<\/div>\n<div id=\"frm_field_11_container\" class=\"frm_form_field form-field  frm_first frm_half\">\n\t<div class=\"frm_submit\">\r\n\r\n<button class=\"frm_button_submit\" type=\"submit\"  >Envoyer le formulaire<\/button>\r\n\r\n<\/div>\n<\/div>\n<div id=\"frm_field_12_container\" class=\"frm_form_field form-field  frm_none_container frm6\">\n\t<label for=\"g-recaptcha-response\" id=\"field_7flyw_label\" class=\"frm_primary_label\">Captcha\n\t\t<span class=\"frm_required\" aria-hidden=\"true\"><\/span>\n\t<\/label>\n\t<div  id=\"field_7flyw\" class=\"frm-g-recaptcha\" data-sitekey=\"6LfVSuAmAAAAAJFAcOJlJdcFrysZ_y9aoRcbFVk8\" data-size=\"invisible\" data-theme=\"light\"><\/div>\n\t\n\t\n<\/div>\n\t<input type=\"hidden\" name=\"item_key\" value=\"\" \/>\n\t\t\t<div id=\"frm_field_18_container\">\n\t\t\t<label for=\"field_9hy1s\" >\n\t\t\t\tSi vous \u00eates un humain, ne remplissez pas ce champ.\t\t\t<\/label>\n\t\t\t<input  id=\"field_9hy1s\" type=\"text\" class=\"frm_form_field form-field frm_verify\" name=\"item_meta[18]\" value=\"\"  \/>\n\t\t<\/div>\n\t\t<input name=\"frm_state\" type=\"hidden\" value=\"+AnzrSHWTEwcDXLhWoB1+gtp7LC8vg31tvsw2NxueKU=\" \/><\/div>\n<\/fieldset>\n<\/div>\n\n<\/form>\n<\/div>\n<\/div><\/div> <\/div><\/div> <\/div><\/div>","protected":false},"excerpt":{"rendered":"<p>MES SOINS VOIR PLUS Soins \u00c9nerg\u00e9tiques VOIR PLUS Massage tellurique intuitif VOIR PLUS Soins fleur de vie g\u00e9om\u00e9trie sacr\u00e9e VOIR PLUS Cristalloth\u00e9rapie Lithoth\u00e9rapie VOIR PLUS Magn\u00e9tisme VOIR PLUS Soin bols chantant LES TARIFS Derni\u00e8res infos Retrouvez tous nos articles et derni\u00e8re informations de mon blogs. VOIR PLUS D\u2019ARTICLES Isabelle Balesdent Je suis assistante de vie&hellip; <br \/> <a class=\"read-more\" href=\"https:\/\/isabellebalesdent.com\/accueil\/remede-contre-la-grippe\/\">Lire la suite<\/a><\/p>\n","protected":false},"author":1119,"featured_media":0,"parent":0,"menu_order":0,"comment_status":"closed","ping_status":"closed","template":"","meta":{"om_disable_all_campaigns":false,"_monsterinsights_skip_tracking":false,"_monsterinsights_sitenote_active":false,"_monsterinsights_sitenote_note":"","_monsterinsights_sitenote_category":0,"footnotes":""},"aioseo_notices":[],"_links":{"self":[{"href":"https:\/\/isabellebalesdent.com\/accueil\/wp-json\/wp\/v2\/pages\/6158"}],"collection":[{"href":"https:\/\/isabellebalesdent.com\/accueil\/wp-json\/wp\/v2\/pages"}],"about":[{"href":"https:\/\/isabellebalesdent.com\/accueil\/wp-json\/wp\/v2\/types\/page"}],"author":[{"embeddable":true,"href":"https:\/\/isabellebalesdent.com\/accueil\/wp-json\/wp\/v2\/users\/1119"}],"replies":[{"embeddable":true,"href":"https:\/\/isabellebalesdent.com\/accueil\/wp-json\/wp\/v2\/comments?post=6158"}],"version-history":[{"count":45,"href":"https:\/\/isabellebalesdent.com\/accueil\/wp-json\/wp\/v2\/pages\/6158\/revisions"}],"predecessor-version":[{"id":6423,"href":"https:\/\/isabellebalesdent.com\/accueil\/wp-json\/wp\/v2\/pages\/6158\/revisions\/6423"}],"wp:attachment":[{"href":"https:\/\/isabellebalesdent.com\/accueil\/wp-json\/wp\/v2\/media?parent=6158"}],"curies":[{"name":"wp","href":"https:\/\/api.w.org\/{rel}","templated":true}]}}